{"id":1003,"date":"2018-08-24T12:06:17","date_gmt":"2018-08-24T16:06:17","guid":{"rendered":"http:\/\/stsprogram.org\/sdn\/?page_id=1003"},"modified":"2018-10-26T14:47:50","modified_gmt":"2018-10-26T18:47:50","slug":"2018-annual-meeting-video","status":"publish","type":"page","link":"https:\/\/stsprogram.org\/sdn\/2018-annual-meeting-video\/","title":{"rendered":"2018 Annual Meeting Video"},"content":{"rendered":"<p>These are videos of presentations and discussion sessions held at the 17th Annual SDN Meeting in Munich, June 27-30, 2018.<\/p>\n<p><strong>Welcome <\/strong>(Sheila Jasanoff and Sebastian Pfotenhauer)<strong>\u00a0\u00a0\u00a0\u00a0\u00a0\u00a0\u00a0\u00a0\u00a0\u00a0\u00a0\u00a0\u00a0<\/strong><\/p>\n<p><iframe loading=\"lazy\" src=\"https:\/\/player.vimeo.com\/video\/288615525\" width=\"640\" height=\"360\" frameborder=\"0\" webkitallowfullscreen mozallowfullscreen allowfullscreen><\/iframe><\/p>\n<p><strong><u>Session 1: Global Imaginations<\/u><\/strong><\/p>\n<p><strong>Chair: <\/strong>Clark Miller (Arizona State University)\u00a0\u00a0\u00a0\u00a0\u00a0\u00a0\u00a0\u00a0\u00a0\u00a0\u00a0\u00a0\u00a0\u00a0<strong>\u00a0 \u00a0 \u00a0 \u00a0<\/strong><\/p>\n<p><strong>Martin Mahony <\/strong>(University of East Anglia)\u00a0<em>\u2018The World, the Air and the Future\u2019: Socio-technical Imaginaries and the Imperial Discovery of the <\/em><em>\u00a0Atmosphere<\/em><\/p>\n<p><strong>Jeroen Oomen<\/strong> (LMU\/Deutsches Museum)\u00a0<em>Diverging Imaginations of Climate Engineering: How Different Scientific Communities Construct <\/em><em>Climate Engineering Promises<\/em><\/p>\n<p><strong>\u00a0Eleanor Hadley Kershaw <\/strong>(University of Nottingham)<em>\u00a0Co-Producing Future Earth: Polysemy and Reflexivity in Sustainability Science Governance<\/em><\/p>\n<p><strong>Allison Loconto, Eve Fouilleux, Guillaume Olivier, Stephane Bellon<\/strong> (Harvard STS\/INRA)\u00a0<em>Definitions, Interests and Institutions: Exploring the Circulation of \u2018Agroecology\u2019 Knowledge in FAO\u2019s Global Dialogue<\/em><\/p>\n<p><iframe loading=\"lazy\" src=\"https:\/\/player.vimeo.com\/video\/290742322\" width=\"640\" height=\"360\" frameborder=\"0\" webkitallowfullscreen mozallowfullscreen allowfullscreen><\/iframe><\/p>\n<p><strong><u>Session 2: <\/u><\/strong><strong><u>Energy Imaginaries &#8212; Past and Future\u00a0 <\/u><\/strong><\/p>\n<p><strong>Chair: <\/strong>Alexander Wentland (TU Munich, MCTS)<\/p>\n<p><strong>Hilton Simmet <\/strong>(Yale University)\u00a0\u00a0\u00a0<em>\u201cPower to Empower\u201d: Seeing the Rural Through American Development<\/em><\/p>\n<p><strong>Jeremias Herberg, Dorota Stasiak, Giulia Molinengo<\/strong> (IASS Potsdam)\u00a0<em>Co-Creation Beyond Integration? Premises and Promises of Institutional Interstices in the German Coal-Phase Out<\/em><\/p>\n<p><strong>Stefan Aykut<\/strong> (Hamburg University)<strong>\u00a0<\/strong><em>Reassembling Energy Policy: Models, Forecasts, and Policy Change in Germany and France<\/em><\/p>\n<p><strong>Jason Chilvers, Helen Pallett and Tom Hargreaves <\/strong>(University of East Anglia)\u00a0<em>Ecologies of Participation in the UK Energy System-as-Constitution<\/em><\/p>\n<p><iframe loading=\"lazy\" src=\"https:\/\/player.vimeo.com\/video\/291811472\" width=\"640\" height=\"360\" frameborder=\"0\" webkitallowfullscreen mozallowfullscreen allowfullscreen><\/iframe><\/p>\n<p><strong><u>Session 3: \u00a0Science, Policy and Responsible Innovation <\/u><\/strong><\/p>\n<p><strong>Chair: <\/strong>Sebastian Pfotenhauer (TU Munich, MCTS)<\/p>\n<p><strong>Javiera Barandiaran<\/strong> (UCSB)\u00a0<em>Science and Environment in Chile: The Politics of Expert Advice in a Neoliberal Democracy<\/em><\/p>\n<p><strong>Franziska Engels, Sebastian Pfotenhauer <\/strong>(MCTS)\u00a0<em>\u00a0Testing the Future? Interrogating \u201cTest Beds\u201d and \u201cLiving Labs\u201d as an Emerging Innovation\u00a0<\/em><em>\u00a0Paradigm<\/em><\/p>\n<p><strong>\u00a0Pierre-Benoit Joly <\/strong>(LISIS, INRA)<strong>\u00a0\u00a0<\/strong><em>Re-imagining Innovation<\/em><\/p>\n<p><strong>Thomas V\u00f6lker, Zora Kovacic, Roger Strand<\/strong> (Joint Research Centre, European Commission)\u00a0<em>Indicator Development as a Site of Collective Imagination? The Case of the EC Policies on <\/em><em>the\u2018Circular Economy\u2019<\/em><\/p>\n<p><iframe loading=\"lazy\" src=\"https:\/\/player.vimeo.com\/video\/292167993\" width=\"640\" height=\"360\" frameborder=\"0\" webkitallowfullscreen mozallowfullscreen allowfullscreen><\/iframe><br \/>\n.<\/p>\n<p><strong><u>Session 4: Re-imagining Sustainability<\/u><\/strong><\/p>\n<p><strong>\u00a0Chair: <\/strong>Silke Beck (Helmholtz Centre for Environmental Research \u2013 UFZ Leipzig)<\/p>\n<p><strong>Mattijs Van Maasakkers <\/strong>(Ohio State University)<strong>\u00a0\u00a0\u00a0<\/strong><em>Socio-Ecological Imaginaries: What Does &#8220;Green&#8221; Mean?<\/em><\/p>\n<p><strong>Alexander Wentland<\/strong> (TU Munich, MCTS)\u00a0<em>Realigning Visions of Sustainability: Exploring Agency, Multiplicity, and Scale in Sociotechnical Imaginaries of Sustainability<\/em><\/p>\n<p><strong>Les Levidow<\/strong> (Open University) and <strong>Sujatha Raman<\/strong> (Nottingham)\u00a0<em>Sociotechnical Imaginaries of Waste as a Resource: UK\u2019s Techno-market Fixes as Conflicting Visions<\/em><\/p>\n<p><strong>Silke Beck <\/strong>(Helmholtz Centre for Environmental Research \u2013 UFZ Leipzig) and <strong>Martin Mahony\u00a0<\/strong>(University of East Anglia)\u00a0<em>The Politics of Anticipation: The IPCC and the Negative Emissions Technologies Experience<br \/>\n<\/em><\/p>\n<p><iframe loading=\"lazy\" src=\"https:\/\/player.vimeo.com\/video\/292970990\" width=\"640\" height=\"360\" frameborder=\"0\" webkitallowfullscreen mozallowfullscreen allowfullscreen><\/iframe><\/p>\n<p><strong><u>Day 3:\u00a0 Friday, June 29 &#8212; <\/u><\/strong><strong><u>Munich School of Philosophy <\/u><\/strong><strong><u>(Hochschule f\u00fcr Philosophie), Kaulbachstra\u00dfe 31a, 80539 M\u00fcnchen<\/u><\/strong><\/p>\n<p><strong><u>Session 5: Making Things (In)visible<\/u><\/strong><\/p>\n<p><strong>Chair: <\/strong>Brian Wynne (Lancaster University)<\/p>\n<p><strong>Moa Karolina Carlsson<\/strong> (MIT)\u00a0<em>How to Conceal a 395-acre Oil Handling Terminal<\/em><\/p>\n<p><strong>Christopher Lawrence <\/strong>(Harvard STS)\u00a0<em>\u00a0Heralds of Global Transparency: Remote Sensing, Nuclear Fuel-cycle Facilities, and the Modularity <\/em><em>\u00a0of Imagination<\/em><\/p>\n<p><strong>\u00a0Dorothea Born<\/strong> (University of Vienna)\u00a0<em>Imaging and Imagining Nature in Climate Change Communication &#8211; A Comparison between the Two \u00a0\u00a0\u00a0\u00a0\u00a0\u00a0\u00a0Popular Science Magazines GEO and National Geographic<\/em><\/p>\n<p><strong>Xaq Frohlich<\/strong> (Auburn University)\u00a0<em>The Rise (and Fall) of the Food-Drug Line: Classification, Gatekeepers, and Spatial Mediation in Food and Health Market)<\/em><\/p>\n<p><iframe loading=\"lazy\" src=\"https:\/\/player.vimeo.com\/video\/294196345\" width=\"640\" height=\"360\" frameborder=\"0\" webkitallowfullscreen mozallowfullscreen allowfullscreen><\/iframe><\/p>\n<p><strong><u>Session 6: Co-producing Regulatory Objects<\/u><\/strong><\/p>\n<p><strong>Chair: <\/strong>Ben Hurlbut (Arizona State University)<\/p>\n<p><strong>Carlos Cuevas Garcia <\/strong>(MCTS)\u00a0<em>Situating Three-dimensional Cell Microenvironments in their Institutional and Regulatory\u00a0<\/em><em>Macroenvironment: The Challenge of Regulating Regulatory Objects<\/em><em>\u00a0 \u00a0 \u00a0 \u00a0 \u00a0 \u00a0 \u00a0 \u00a0 \u00a0 \u00a0 \u00a0 \u00a0 \u00a0 \u00a0 \u00a0 \u00a0 \u00a0 \u00a0 \u00a0 \u00a0<\/em><\/p>\n<p><strong>Gili Vidan <\/strong>(Harvard)\u00a0<em>Checks and Balances: Privacy, Payments, and the Public Interest in the Development of 1970s US\u00a0\u00a0<\/em><em>Electronic Funds Transfer System<\/em>s<\/p>\n<p><strong>Eva Krick <\/strong>(University of Oslo)\u00a0<em>How to Bridge the Epistemic-Democratic Divide: Institutional Innovations of Coupling Experts, Civil<\/em><em>\u00a0Society and the Government During Policy Development<\/em><\/p>\n<p><strong>Margarita Boenig-Liptsin<\/strong> (Harvard STS\/UC Berkeley)\u00a0\u00a0<em>Co-productionist Data Ethics<\/em><\/p>\n<p><iframe loading=\"lazy\" src=\"https:\/\/player.vimeo.com\/video\/293006300\" width=\"640\" height=\"360\" frameborder=\"0\" webkitallowfullscreen mozallowfullscreen allowfullscreen><\/iframe><\/p>\n<p><strong><u>Session 7: Biopolitics and Inequality<\/u> <\/strong><\/p>\n<p><strong>Chair: <\/strong>Steve Hilgartner (Cornell University)<\/p>\n<p><strong>Samuel Taylor-Alexander<\/strong> (Monash University)<\/p>\n<p><em>Bureaucratic Disorders: Biomedical Nationalism, Pharmaceutical Citizenship and Access to Drugs <\/em><em>\u00a0for Rare Diseases in the United Kingdom<\/em><\/p>\n<p><em>\u00a0<\/em><strong>Daniela Schuh <\/strong>(University of Vienna)\u00a0<em>Cross-border Surrogacy and Public Policies: Challenges to Legal Descent and the Constitutional\u00a0<\/em><em>Protection of the Family in Germany and France.\u00a0\u00a0\u00a0\u00a0\u00a0\u00a0\u00a0 <\/em><\/p>\n<p><em>\u00a0<\/em><strong>Tito Carvalho<\/strong> (UCSD\/Harvard STS)<em>\u00a0<\/em><em>From Race to Racism: Theodosius Dobzhansky and Richard Lewontin on the Problem of Race and<\/em><em>\u00a0the Ethos of Science<\/em><\/p>\n<p><strong>Kaushik Sunder Rajan<\/strong> (University of Chicago)\u00a0<em>The Breather as Patient and Plaintiff: Biopolitics, Labor and the Judicialization of Tuberculosis<\/em><\/p>\n<p><iframe loading=\"lazy\" src=\"https:\/\/player.vimeo.com\/video\/297348655\" width=\"640\" height=\"360\" frameborder=\"0\" webkitallowfullscreen mozallowfullscreen allowfullscreen><\/iframe><\/p>\n<p><span style=\"text-decoration: underline;\"><strong>Policy Roundtable: <\/strong><strong>\u201c<\/strong><strong>Building Norms and Institutions Responsibly: Engaging STS in Policy Settings\u201d<\/strong><\/span><\/p>\n<p><strong>David Winickoff <\/strong>(OECD and LISIS),<strong> Nina Frahm <\/strong>(MCTS, TU Munich)\u00a0<em>OECD Neurotech &amp; Responsible Innovation <\/em><\/p>\n<p><strong>Iris Eisenberger <\/strong>(BOKU Wien),<strong> Brice Laurent <\/strong>(Mines-Paritech),<strong> Sabine Maasen <\/strong>(TU Munich), <strong>Uli Meyer<\/strong> (TU Munich) <strong>Ruth M\u00fcller <\/strong>(TU Munich),<strong> Kyriaki Papageorgiou <\/strong>(ESADE),<strong> Sebastian Pfotenhauer <\/strong>(TU Munich),<strong> Melanie Smallman <\/strong>(UCL),<strong> Jack Stilgoe <\/strong>(UCL)<\/p>\n<p><em>SCALINGS: A policy roadmap for scaling up co-creation in Europe?<\/em><\/p>\n<p><strong>Sheila Jasanoff <\/strong>(Harvard)<strong>, Ben Hurlbut <\/strong>(ASU)<strong>, Krishanu Saha <\/strong>(U Wisconsin)\u00a0<em>A global observatory for gene editing<\/em><\/p>\n<p><strong>Jim Dratwa <\/strong>(European Commission and Woodrow Wilson Center)\u00a0<em>ChangeS: \u2018Changing the system from within\u2019 <\/em><\/p>\n<p><iframe loading=\"lazy\" src=\"https:\/\/player.vimeo.com\/video\/286553392\" width=\"640\" height=\"360\" frameborder=\"0\" webkitallowfullscreen mozallowfullscreen allowfullscreen><\/iframe><\/p>\n<p><strong><u>Day 4:\u00a0 Saturday, June 30th- <\/u><\/strong><strong><u>Munich School of Philosophy <\/u><\/strong><strong><u>(Hochschule f\u00fcr Philosophie), Kaulbachstra\u00dfe 31a, 80539 M\u00fcnchen<\/u><\/strong><\/p>\n<p><strong><u>Session 8: Citizenship and Representation<\/u><\/strong><\/p>\n<p><strong>Chair: <\/strong>David Winickoff (OECD and LISIS)<\/p>\n<p><strong>Steven Druker<\/strong> (Alliance for Bio-Integrity)\u00a0<em>How Eminent Scientists and Scientific Institutions Have Been Misrepresenting the Facts About GMOs: A Major but Under Recognized Threat to the Integrity of Science<\/em><strong>\u00a0 \u00a0 \u00a0 \u00a0<\/strong><\/p>\n<p><strong>Shobita Parthasarathy <\/strong>(Michigan)\u00a0<em>The Politics of the Sanitary Pad as a Pro-Poor Technology: Understanding the Implications for Girls, Women, and Development Governance<\/em><\/p>\n<p><strong>Samantha Vanderslott<\/strong> (University of Oxford)\u00a0<em>Mainstream Counter-activism: Pro-vaccine Activists in Australia and the United States<\/em><\/p>\n<p><strong>John Carson<\/strong> (Michigan)<em>\u00a0The Unsound of Mind and the Ambiguities of Citizenship<\/em><\/p>\n<p><iframe loading=\"lazy\" src=\"https:\/\/player.vimeo.com\/video\/294226642\" width=\"640\" height=\"360\" frameborder=\"0\" webkitallowfullscreen mozallowfullscreen allowfullscreen><\/iframe><\/p>\n<p><strong><u>Session 9: Participatory Models<\/u><\/strong><\/p>\n<p><strong>Chair: <\/strong>Jack Stilgoe (University College London)<\/p>\n<p><strong>Laurie Waller<\/strong> (MCTS)\u00a0<em>&#8216;Re-visioning&#8217; Participation: Devices of the Public in Controlled Environment Innovation<\/em><\/p>\n<p><strong>Stefan Sch\u00e4fer, Robert D. J. Smith, Michael J. Bernstein <\/strong>(Harvard STS Program and Institute for Advanced Sustainability Studies)\u00a0<em>Institutionalizing Intervention: STS in the Age of Impact<\/em><\/p>\n<p><strong>Pierre Delvenne, Hadrien Macq, C\u00e9line Parotte<\/strong> (University of Liege)\u00a0<em>Participation as a Lab and a Democratic Experiment<\/em><\/p>\n<p><strong>Jan-Peter Vo\u00df, Sina Birkholz, Volkan Sayman<\/strong> (TU-Berlin)\u00a0<em>Doing Mini-Publics: Innovating Democracy, Circulating Models, Technologizing Politics?<\/em><\/p>\n<p><iframe loading=\"lazy\" src=\"https:\/\/player.vimeo.com\/video\/295418175\" width=\"640\" height=\"360\" frameborder=\"0\" webkitallowfullscreen mozallowfullscreen allowfullscreen><\/iframe><\/p>\n","protected":false},"excerpt":{"rendered":"<p>These are videos of presentations and discussion sessions held at the 17th Annual SDN Meeting in Munich, June 27-30, 2018. Welcome (Sheila Jasanoff and Sebastian Pfotenhauer)\u00a0\u00a0\u00a0\u00a0\u00a0\u00a0\u00a0\u00a0\u00a0\u00a0\u00a0\u00a0\u00a0 Session 1: Global Imaginations Chair: Clark Miller (Arizona State University)\u00a0\u00a0\u00a0\u00a0\u00a0\u00a0\u00a0\u00a0\u00a0\u00a0\u00a0\u00a0\u00a0\u00a0\u00a0 \u00a0 \u00a0 \u00a0 Martin Mahony (University of East Anglia)\u00a0\u2018The World, the Air and the Future\u2019: Socio-technical Imaginaries and the [&hellip;]<\/p>\n","protected":false},"author":1,"featured_media":0,"parent":0,"menu_order":0,"comment_status":"closed","ping_status":"closed","template":"","meta":{"footnotes":""},"class_list":["post-1003","page","type-page","status-publish","hentry","post"],"_links":{"self":[{"href":"https:\/\/stsprogram.org\/sdn\/wp-json\/wp\/v2\/pages\/1003","targetHints":{"allow":["GET"]}}],"collection":[{"href":"https:\/\/stsprogram.org\/sdn\/wp-json\/wp\/v2\/pages"}],"about":[{"href":"https:\/\/stsprogram.org\/sdn\/wp-json\/wp\/v2\/types\/page"}],"author":[{"embeddable":true,"href":"https:\/\/stsprogram.org\/sdn\/wp-json\/wp\/v2\/users\/1"}],"replies":[{"embeddable":true,"href":"https:\/\/stsprogram.org\/sdn\/wp-json\/wp\/v2\/comments?post=1003"}],"version-history":[{"count":5,"href":"https:\/\/stsprogram.org\/sdn\/wp-json\/wp\/v2\/pages\/1003\/revisions"}],"predecessor-version":[{"id":1024,"href":"https:\/\/stsprogram.org\/sdn\/wp-json\/wp\/v2\/pages\/1003\/revisions\/1024"}],"wp:attachment":[{"href":"https:\/\/stsprogram.org\/sdn\/wp-json\/wp\/v2\/media?parent=1003"}],"curies":[{"name":"wp","href":"https:\/\/api.w.org\/{rel}","templated":true}]}}